{"id":10,"date":"2023-04-18T13:47:34","date_gmt":"2023-04-18T13:47:34","guid":{"rendered":"https:\/\/magazinlucaffe.md\/?page_id=10"},"modified":"2023-04-18T13:47:34","modified_gmt":"2023-04-18T13:47:34","slug":"cos","status":"publish","type":"page","link":"https:\/\/magazinlucaffe.md\/?page_id=10","title":{"rendered":"Co\u0219"},"content":{"rendered":"<div class=\"woocommerce\"><div class=\"woocommerce-notices-wrapper\"><\/div><div class=\"wc-empty-cart-message\">\n\t<div class=\"cart-empty woocommerce-info\" role=\"status\">\n\t\tCo\u0219ul t\u0103u este \u00een prezent gol.\t<\/div>\n<\/div>\t\t<h2 class=\"cart-empty wd-empty-block-title wc-empty-cart-message\">\n\t\t\tCo\u0219ul t\u0103u este \u00een prezent gol.\t\t<\/h2>\n\t\t\t\t\t\t<p class=\"wd-empty-block-text\">\n\t\t\t\t\u00cenainte de a trece la finalizarea comenzii, trebuie s\u0103 ad\u0103uga\u021bi c\u00e2teva produse \u00een co\u0219ul de cump\u0103r\u0103turi.<br> Ve\u021bi g\u0103si o mul\u021bime de produse interesante pe pagina noastr\u0103 \u201eMagazin\u201d.\t\t\t\t<\/p>\n\t\t\t\t<p class=\"return-to-shop\">\n\t\t<a class=\"button wc-backward\" href=\"https:\/\/magazinlucaffe.md\/?page_id=9\">\n\t\t\t\u00cenapoi la magazin\t\t<\/a>\n\t<\/p>\n<\/div>\n","protected":false},"excerpt":{"rendered":"","protected":false},"author":1,"featured_media":0,"parent":0,"menu_order":0,"comment_status":"closed","ping_status":"closed","template":"","meta":{"footnotes":""},"class_list":["post-10","page","type-page","status-publish","hentry"],"_links":{"self":[{"href":"https:\/\/magazinlucaffe.md\/index.php?rest_route=\/wp\/v2\/pages\/10","targetHints":{"allow":["GET"]}}],"collection":[{"href":"https:\/\/magazinlucaffe.md\/index.php?rest_route=\/wp\/v2\/pages"}],"about":[{"href":"https:\/\/magazinlucaffe.md\/index.php?rest_route=\/wp\/v2\/types\/page"}],"author":[{"embeddable":true,"href":"https:\/\/magazinlucaffe.md\/index.php?rest_route=\/wp\/v2\/users\/1"}],"replies":[{"embeddable":true,"href":"https:\/\/magazinlucaffe.md\/index.php?rest_route=%2Fwp%2Fv2%2Fcomments&post=10"}],"version-history":[{"count":0,"href":"https:\/\/magazinlucaffe.md\/index.php?rest_route=\/wp\/v2\/pages\/10\/revisions"}],"wp:attachment":[{"href":"https:\/\/magazinlucaffe.md\/index.php?rest_route=%2Fwp%2Fv2%2Fmedia&parent=10"}],"curies":[{"name":"wp","href":"https:\/\/api.w.org\/{rel}","templated":true}]}}