{"id":39,"date":"2023-04-18T15:01:10","date_gmt":"2023-04-18T15:01:10","guid":{"rendered":"https:\/\/magazinlucaffe.md\/?page_id=39"},"modified":"2023-04-18T15:05:31","modified_gmt":"2023-04-18T15:05:31","slug":"despre-noi","status":"publish","type":"page","link":"https:\/\/magazinlucaffe.md\/?page_id=39","title":{"rendered":"Despre noi"},"content":{"rendered":"\t\t<div data-elementor-type=\"wp-page\" data-elementor-id=\"39\" class=\"elementor elementor-39\">\n\t\t\t\t\t\t<section class=\"elementor-section elementor-top-section elementor-element elementor-element-202ab42 elementor-section-boxed elementor-section-height-default elementor-section-height-default\" data-id=\"202ab42\" data-element_type=\"section\" data-e-type=\"section\">\n\t\t\t\t\t\t<div class=\"elementor-container elementor-column-gap-default\">\n\t\t\t\t\t<div class=\"elementor-column elementor-col-100 elementor-top-column elementor-element elementor-element-248dd19\" data-id=\"248dd19\" data-element_type=\"column\" data-e-type=\"column\">\n\t\t\t<div class=\"elementor-widget-wrap elementor-element-populated\">\n\t\t\t\t\t\t<div class=\"elementor-element elementor-element-a311ef5 elementor-widget elementor-widget-heading\" data-id=\"a311ef5\" data-element_type=\"widget\" data-e-type=\"widget\" data-widget_type=\"heading.default\">\n\t\t\t\t<div class=\"elementor-widget-container\">\n\t\t\t\t\t<h2 class=\"elementor-heading-title elementor-size-default\">Despre noi<\/h2>\t\t\t\t<\/div>\n\t\t\t\t<\/div>\n\t\t\t\t<div class=\"elementor-element elementor-element-f919a7e color-scheme-inherit text-left elementor-widget elementor-widget-text-editor\" data-id=\"f919a7e\" data-element_type=\"widget\" data-e-type=\"widget\" data-widget_type=\"text-editor.default\">\n\t\t\t\t<div class=\"elementor-widget-container\">\n\t\t\t\t\t\t\t\t\t<p>Ne face pl\u0103cere s\u0103 v\u0103 prezent\u0103m marca de cafea Lucaffe din Moldova. Este aceast\u0103 cafea care v\u0103 va umple casa cu o arom\u0103 \u00eemb\u0103t\u0103toare \u0219i v\u0103 va oferi un gust unic. Iar vesela noastr\u0103 original\u0103 v\u0103 va ajuta s\u0103 sublinia\u021bi atmosfera de confort, c\u0103ldur\u0103 \u0219i confort.<\/p><p>Sub conducerea t\u00e2n\u0103rului domnul Venturelli, \u00eenc\u0103 din a doua jum\u0103tate a anilor 90, compania a crescut la o asemenea amploare \u00eenc\u00e2t este \u00een prezent unul dintre cele mai cunoscute magazine de pr\u0103jire \u0219i ambalare a cafelei din nordul Italiei. Venturelli a intrat \u00een lumea tradi\u021bional\u0103 a cafelei, concentr\u00e2ndu-se pe o pia\u021b\u0103 t\u00e2n\u0103r\u0103 \u0219i \u00eentreprinz\u0103toare &#8211; comer\u021bul cu chalda, care a provocat o revolu\u021bie \u00een modul de preparare a cafelei.<\/p><p>De fapt, Chalda con\u021bine o por\u021bie de cafea pr\u0103jit\u0103 m\u0103cinat\u0103 \u00eentr-un pachet de h\u00e2rtie alimentar\u0103, ceea ce \u00eel face ideal pentru a face un espresso grozav.<\/p><p>Se acord\u0103 o aten\u021bie considerabil\u0103 ambalajului \u0219i designului fiec\u0103rui produs, iar \u00eentreaga gam\u0103 de cafea este adaptat\u0103 diferitelor cerin\u021be. Procesul de prelucrare \u00eencepe cu achizi\u021bionarea de materii prime de calitate aleas\u0103, iar aceast\u0103 etap\u0103 este supravegheat\u0103 personal de domnul Venturelli. Urmeaz\u0103 pr\u0103jirea tradi\u021bional\u0103 a cafelei la temperatur\u0103 sc\u0103zut\u0103, m\u0103cinarea f\u0103r\u0103 \u00eenc\u0103lzire, amestecarea \u0219i ambalarea temeinic\u0103, dar numai atunci c\u00e2nd produsul finit are gradul de coacere corespunz\u0103tor. S-a scris mult despre cafeaua Lucaffe pe forumurile de pe Internet, mai ales \u00een Europa de Vest. Treptat, aceast\u0103 cafea \u00ee\u0219i g\u0103se\u0219te fani \u0219i \u00een Moldova. Toate cafelele Lucaff\u00e9 sunt un exemplu clasic de cafea italian\u0103 cu pr\u0103jire lent\u0103, rezult\u00e2nd o arom\u0103 moale, u\u0219or picant \u0219i note de ciocolat\u0103.<\/p>\t\t\t\t\t\t\t\t<\/div>\n\t\t\t\t<\/div>\n\t\t\t\t\t<\/div>\n\t\t<\/div>\n\t\t\t\t\t<\/div>\n\t\t<\/section>\n\t\t\t\t<\/div>\n\t\t","protected":false},"excerpt":{"rendered":"<p>Despre noi Ne face pl\u0103cere s\u0103 v\u0103 prezent\u0103m marca de cafea Lucaffe din Moldova. Este aceast\u0103 cafea care v\u0103 va<\/p>\n","protected":false},"author":1,"featured_media":0,"parent":0,"menu_order":0,"comment_status":"closed","ping_status":"closed","template":"","meta":{"footnotes":""},"class_list":["post-39","page","type-page","status-publish","hentry"],"_links":{"self":[{"href":"https:\/\/magazinlucaffe.md\/index.php?rest_route=\/wp\/v2\/pages\/39","targetHints":{"allow":["GET"]}}],"collection":[{"href":"https:\/\/magazinlucaffe.md\/index.php?rest_route=\/wp\/v2\/pages"}],"about":[{"href":"https:\/\/magazinlucaffe.md\/index.php?rest_route=\/wp\/v2\/types\/page"}],"author":[{"embeddable":true,"href":"https:\/\/magazinlucaffe.md\/index.php?rest_route=\/wp\/v2\/users\/1"}],"replies":[{"embeddable":true,"href":"https:\/\/magazinlucaffe.md\/index.php?rest_route=%2Fwp%2Fv2%2Fcomments&post=39"}],"version-history":[{"count":4,"href":"https:\/\/magazinlucaffe.md\/index.php?rest_route=\/wp\/v2\/pages\/39\/revisions"}],"predecessor-version":[{"id":43,"href":"https:\/\/magazinlucaffe.md\/index.php?rest_route=\/wp\/v2\/pages\/39\/revisions\/43"}],"wp:attachment":[{"href":"https:\/\/magazinlucaffe.md\/index.php?rest_route=%2Fwp%2Fv2%2Fmedia&parent=39"}],"curies":[{"name":"wp","href":"https:\/\/api.w.org\/{rel}","templated":true}]}}